{"id":146,"date":"2026-01-13T11:27:44","date_gmt":"2026-01-13T10:27:44","guid":{"rendered":"https:\/\/inflame-anmeldung.de\/?page_id=146"},"modified":"2026-01-16T10:40:22","modified_gmt":"2026-01-16T09:40:22","slug":"vortrag-knochengesundheit-deuss","status":"publish","type":"page","link":"https:\/\/inflame-anmeldung.de\/index.php\/vortrag-knochengesundheit-deuss\/","title":{"rendered":"Vortrag Knochengesundheit Deu\u00df"},"content":{"rendered":"\t\t<div data-elementor-type=\"wp-page\" data-elementor-id=\"146\" class=\"elementor elementor-146\">\n\t\t\t\t<div class=\"elementor-element elementor-element-7a75f52 e-flex e-con-boxed e-con e-parent\" data-id=\"7a75f52\" data-element_type=\"container\" data-settings=\"{&quot;background_background&quot;:&quot;classic&quot;}\">\n\t\t\t\t\t<div class=\"e-con-inner\">\n\t\t<div class=\"elementor-element elementor-element-f232d6a e-con-full e-flex e-con e-child\" data-id=\"f232d6a\" data-element_type=\"container\">\n\t\t\t\t<div class=\"elementor-element elementor-element-f2a0679 elementor-widget elementor-widget-heading\" data-id=\"f2a0679\" data-element_type=\"widget\" data-widget_type=\"heading.default\">\n\t\t\t\t\t<h1 class=\"elementor-heading-title elementor-size-default\">KOCHENGESUNDHEIT BEI RHEUMA:<\/h1>\t\t\t\t<\/div>\n\t\t\t\t<div class=\"elementor-element elementor-element-3b8c550 elementor-widget elementor-widget-text-editor\" data-id=\"3b8c550\" data-element_type=\"widget\" data-widget_type=\"text-editor.default\">\n\t\t\t\t\t\t\t\t\t<p>PR\u00c4VENTION UND BEHANDLUNG VON OSTEOPOROSE<\/p>\t\t\t\t\t\t\t\t<\/div>\n\t\t\t\t<div class=\"elementor-element elementor-element-3096183 elementor-widget elementor-widget-text-editor\" data-id=\"3096183\" data-element_type=\"widget\" data-widget_type=\"text-editor.default\">\n\t\t\t\t\t\t\t\t\t<p>Referent: Dr. med. Ulrich Deu\u00df<\/p>\t\t\t\t\t\t\t\t<\/div>\n\t\t\t\t<div class=\"elementor-element elementor-element-cb81279 elementor-widget elementor-widget-text-editor\" data-id=\"cb81279\" data-element_type=\"widget\" data-widget_type=\"text-editor.default\">\n\t\t\t\t\t\t\t\t\t<p>LIVE-FORTBILDUNGSEVENT, 26.11.2025, K\u00d6LN<\/p>\t\t\t\t\t\t\t\t<\/div>\n\t\t\t\t<\/div>\n\t\t<div class=\"elementor-element elementor-element-7c23191 e-con-full e-flex e-con e-child\" data-id=\"7c23191\" data-element_type=\"container\">\n\t\t\t\t<div class=\"elementor-element elementor-element-b9c3f69 elementor-widget elementor-widget-image\" data-id=\"b9c3f69\" data-element_type=\"widget\" data-widget_type=\"image.default\">\n\t\t\t\t\t\t\t\t\t\t\t\t\t\t\t<img decoding=\"async\" src=\"https:\/\/inflame-anmeldung.de\/wp-content\/uploads\/elementor\/thumbs\/Home_Headerbild-rarny5ku0gtnudnsnaxn96s841tr4xy0gb5vg1yl82.png\" title=\"Home_Headerbild\" alt=\"Home_Headerbild\" loading=\"lazy\" \/>\t\t\t\t\t\t\t\t\t\t\t\t\t\t\t<\/div>\n\t\t\t\t<\/div>\n\t\t\t\t\t<\/div>\n\t\t\t\t<\/div>\n\t\t<div class=\"elementor-element elementor-element-276f26d e-flex e-con-boxed e-con e-parent\" data-id=\"276f26d\" data-element_type=\"container\">\n\t\t\t\t\t<div class=\"e-con-inner\">\n\t\t\t\t<div class=\"elementor-element elementor-element-5e36961 elementor-widget elementor-widget-video\" data-id=\"5e36961\" data-element_type=\"widget\" data-settings=\"{&quot;video_type&quot;:&quot;hosted&quot;,&quot;controls&quot;:&quot;yes&quot;}\" data-widget_type=\"video.default\">\n\t\t\t\t\t\t\t<div class=\"e-hosted-video elementor-wrapper elementor-open-inline\">\n\t\t\t\t\t<video class=\"elementor-video\" src=\"https:\/\/inflame-anmeldung.de\/wp-content\/uploads\/2026\/01\/20251126_Inflame_Rheuma_Mitschnitt_Take2.mp4\" controls=\"\" preload=\"metadata\" controlsList=\"nodownload\" poster=\"https:\/\/inflame-anmeldung.de\/wp-content\/uploads\/2026\/01\/Koeln25_Inflame_Rheuma_Deuss_Thumbnail.jpg\"><\/video>\n\t\t\t\t<\/div>\n\t\t\t\t\t\t<\/div>\n\t\t\t\t\t<\/div>\n\t\t\t\t<\/div>\n\t\t\t\t<\/div>\n\t\t","protected":false},"excerpt":{"rendered":"<p>KOCHENGESUNDHEIT BEI RHEUMA: PR\u00c4VENTION UND BEHANDLUNG VON OSTEOPOROSE Referent: Dr. med. Ulrich Deu\u00df LIVE-FORTBILDUNGSEVENT, 26.11.2025, K\u00d6LN https:\/\/inflame-anmeldung.de\/wp-content\/uploads\/2026\/01\/20251126_Inflame_Rheuma_Mitschnitt_Take2.mp4<\/p>\n","protected":false},"author":2,"featured_media":0,"parent":0,"menu_order":0,"comment_status":"closed","ping_status":"closed","template":"","meta":{"site-sidebar-layout":"no-sidebar","site-content-layout":"","ast-site-content-layout":"full-width-container","site-content-style":"default","site-sidebar-style":"default","ast-global-header-display":"","ast-banner-title-visibility":"","ast-main-header-display":"","ast-hfb-above-header-display":"","ast-hfb-below-header-display":"","ast-hfb-mobile-header-display":"","site-post-title":"","ast-breadcrumbs-content":"","ast-featured-img":"disabled","footer-sml-layout":"","ast-disable-related-posts":"","theme-transparent-header-meta":"","adv-header-id-meta":"","stick-header-meta":"","header-above-stick-meta":"","header-main-stick-meta":"","header-below-stick-meta":"","astra-migrate-meta-layouts":"default","ast-page-background-enabled":"default","ast-page-background-meta":{"desktop":{"background-color":"var(--ast-global-color-5)","background-image":"","background-repeat":"repeat","background-position":"center center","background-size":"auto","background-attachment":"scroll","background-type":"","background-media":"","overlay-type":"","overlay-color":"","overlay-opacity":"","overlay-gradient":""},"tablet":{"background-color":"","background-image":"","background-repeat":"repeat","background-position":"center center","background-size":"auto","background-attachment":"scroll","background-type":"","background-media":"","overlay-type":"","overlay-color":"","overlay-opacity":"","overlay-gradient":""},"mobile":{"background-color":"","background-image":"","background-repeat":"repeat","background-position":"center center","background-size":"auto","background-attachment":"scroll","background-type":"","background-media":"","overlay-type":"","overlay-color":"","overlay-opacity":"","overlay-gradient":""}},"ast-content-background-meta":{"desktop":{"background-color":"var(--ast-global-color-4)","background-image":"","background-repeat":"repeat","background-position":"center center","background-size":"auto","background-attachment":"scroll","background-type":"","background-media":"","overlay-type":"","overlay-color":"","overlay-opacity":"","overlay-gradient":""},"tablet":{"background-color":"var(--ast-global-color-4)","background-image":"","background-repeat":"repeat","background-position":"center center","background-size":"auto","background-attachment":"scroll","background-type":"","background-media":"","overlay-type":"","overlay-color":"","overlay-opacity":"","overlay-gradient":""},"mobile":{"background-color":"var(--ast-global-color-4)","background-image":"","background-repeat":"repeat","background-position":"center center","background-size":"auto","background-attachment":"scroll","background-type":"","background-media":"","overlay-type":"","overlay-color":"","overlay-opacity":"","overlay-gradient":""}},"footnotes":""},"class_list":["post-146","page","type-page","status-publish","hentry"],"_links":{"self":[{"href":"https:\/\/inflame-anmeldung.de\/index.php\/wp-json\/wp\/v2\/pages\/146","targetHints":{"allow":["GET"]}}],"collection":[{"href":"https:\/\/inflame-anmeldung.de\/index.php\/wp-json\/wp\/v2\/pages"}],"about":[{"href":"https:\/\/inflame-anmeldung.de\/index.php\/wp-json\/wp\/v2\/types\/page"}],"author":[{"embeddable":true,"href":"https:\/\/inflame-anmeldung.de\/index.php\/wp-json\/wp\/v2\/users\/2"}],"replies":[{"embeddable":true,"href":"https:\/\/inflame-anmeldung.de\/index.php\/wp-json\/wp\/v2\/comments?post=146"}],"version-history":[{"count":22,"href":"https:\/\/inflame-anmeldung.de\/index.php\/wp-json\/wp\/v2\/pages\/146\/revisions"}],"predecessor-version":[{"id":189,"href":"https:\/\/inflame-anmeldung.de\/index.php\/wp-json\/wp\/v2\/pages\/146\/revisions\/189"}],"wp:attachment":[{"href":"https:\/\/inflame-anmeldung.de\/index.php\/wp-json\/wp\/v2\/media?parent=146"}],"curies":[{"name":"wp","href":"https:\/\/api.w.org\/{rel}","templated":true}]}}