{"id":12,"date":"2025-08-25T09:25:21","date_gmt":"2025-08-25T07:25:21","guid":{"rendered":"https:\/\/inflame-anmeldung.de\/?page_id=12"},"modified":"2025-08-25T09:27:44","modified_gmt":"2025-08-25T07:27:44","slug":"impressum","status":"publish","type":"page","link":"https:\/\/inflame-anmeldung.de\/index.php\/impressum\/","title":{"rendered":"Impressum"},"content":{"rendered":"\t\t<div data-elementor-type=\"wp-page\" data-elementor-id=\"12\" class=\"elementor elementor-12\">\n\t\t\t\t<div class=\"elementor-element elementor-element-3aa8c7d e-flex e-con-boxed e-con e-parent\" data-id=\"3aa8c7d\" data-element_type=\"container\" data-settings=\"{&quot;background_background&quot;:&quot;classic&quot;}\">\n\t\t\t\t\t<div class=\"e-con-inner\">\n\t\t<div class=\"elementor-element elementor-element-3c7081b e-con-full e-flex e-con e-child\" data-id=\"3c7081b\" data-element_type=\"container\">\n\t\t\t\t<div class=\"elementor-element elementor-element-3b5b130 elementor-widget elementor-widget-heading\" data-id=\"3b5b130\" data-element_type=\"widget\" data-widget_type=\"heading.default\">\n\t\t\t\t\t<h1 class=\"elementor-heading-title elementor-size-default\">Impressum<\/h1>\t\t\t\t<\/div>\n\t\t\t\t<\/div>\n\t\t<div class=\"elementor-element elementor-element-ecb2d32 e-con-full e-flex e-con e-child\" data-id=\"ecb2d32\" data-element_type=\"container\">\n\t\t\t\t<div class=\"elementor-element elementor-element-0b3347d elementor-widget elementor-widget-image\" data-id=\"0b3347d\" data-element_type=\"widget\" data-widget_type=\"image.default\">\n\t\t\t\t\t\t\t\t\t\t\t\t\t\t\t<img decoding=\"async\" src=\"https:\/\/inflame-anmeldung.de\/wp-content\/uploads\/elementor\/thumbs\/Inflame_Rheuma_Logo_Bildmarke_106x200-rarmxlmpvbzsfjnj0jmklmabkbpvma6kdmzj87jntc.png\" title=\"Inflame_Rheuma_Logo_Bildmarke_106x200\" alt=\"Inflame Rheuma Bildmarke\" loading=\"lazy\" \/>\t\t\t\t\t\t\t\t\t\t\t\t\t\t\t<\/div>\n\t\t\t\t<\/div>\n\t\t\t\t\t<\/div>\n\t\t\t\t<\/div>\n\t\t<div class=\"elementor-element elementor-element-6c83abc e-flex e-con-boxed e-con e-parent\" data-id=\"6c83abc\" data-element_type=\"container\">\n\t\t\t\t\t<div class=\"e-con-inner\">\n\t\t\t\t<div class=\"elementor-element elementor-element-8c11264 elementor-widget elementor-widget-text-editor\" data-id=\"8c11264\" data-element_type=\"widget\" data-widget_type=\"text-editor.default\">\n\t\t\t\t\t\t\t\t\t<header><p>ClinSol GmbH &amp; Co.KG,<br \/>vertreten durch die Gesch\u00e4ftsf\u00fchrer: Dr. Erik Belleville, Dr. Christian Detsch, Dr. Thomas Spall<br \/>Sitz der Gesellschaft: W\u00fcrzburg \u2013 Amtsgericht W\u00fcrzburg \u2013 HRA 7027<br \/>W\u00fcrzburg<br \/>Sedanstrasse 15<br \/>97082 W\u00fcrzburg<\/p><\/header><p>Fon +49 931 \u2013 730416-0<br \/>Fax +49 931 \u2013 730416-19<br \/>Email:\u00a0<a href=\"mailto:info@clin-sol.com\">info@clin-sol.com<\/a><\/p><p>Umsatzsteueridentifikationsnummer: DE287865641<\/p><p>Pers\u00f6nlich haftender Gesellschafter:<br \/>Clin Sol \u2013 Clinical Research Solutions GmbH<br \/>Sitz der Gesellschaft: W\u00fcrzburg \u2013 HRB 9537<\/p>\t\t\t\t\t\t\t\t<\/div>\n\t\t\t\t\t<\/div>\n\t\t\t\t<\/div>\n\t\t\t\t<\/div>\n\t\t","protected":false},"excerpt":{"rendered":"<p>Impressum ClinSol GmbH &amp; Co.KG,vertreten durch die Gesch\u00e4ftsf\u00fchrer: Dr. Erik Belleville, Dr. Christian Detsch, Dr. Thomas SpallSitz der Gesellschaft: W\u00fcrzburg [&hellip;]<\/p>\n","protected":false},"author":2,"featured_media":0,"parent":0,"menu_order":0,"comment_status":"closed","ping_status":"closed","template":"","meta":{"site-sidebar-layout":"no-sidebar","site-content-layout":"","ast-site-content-layout":"full-width-container","site-content-style":"default","site-sidebar-style":"default","ast-global-header-display":"","ast-banner-title-visibility":"","ast-main-header-display":"","ast-hfb-above-header-display":"","ast-hfb-below-header-display":"","ast-hfb-mobile-header-display":"","site-post-title":"disabled","ast-breadcrumbs-content":"","ast-featured-img":"disabled","footer-sml-layout":"","ast-disable-related-posts":"","theme-transparent-header-meta":"","adv-header-id-meta":"","stick-header-meta":"","header-above-stick-meta":"","header-main-stick-meta":"","header-below-stick-meta":"","astra-migrate-meta-layouts":"default","ast-page-background-enabled":"default","ast-page-background-meta":{"desktop":{"background-color":"var(--ast-global-color-5)","background-image":"","background-repeat":"repeat","background-position":"center center","background-size":"auto","background-attachment":"scroll","background-type":"","background-media":"","overlay-type":"","overlay-color":"","overlay-opacity":"","overlay-gradient":""},"tablet":{"background-color":"","background-image":"","background-repeat":"repeat","background-position":"center center","background-size":"auto","background-attachment":"scroll","background-type":"","background-media":"","overlay-type":"","overlay-color":"","overlay-opacity":"","overlay-gradient":""},"mobile":{"background-color":"","background-image":"","background-repeat":"repeat","background-position":"center center","background-size":"auto","background-attachment":"scroll","background-type":"","background-media":"","overlay-type":"","overlay-color":"","overlay-opacity":"","overlay-gradient":""}},"ast-content-background-meta":{"desktop":{"background-color":"var(--ast-global-color-4)","background-image":"","background-repeat":"repeat","background-position":"center center","background-size":"auto","background-attachment":"scroll","background-type":"","background-media":"","overlay-type":"","overlay-color":"","overlay-opacity":"","overlay-gradient":""},"tablet":{"background-color":"var(--ast-global-color-4)","background-image":"","background-repeat":"repeat","background-position":"center center","background-size":"auto","background-attachment":"scroll","background-type":"","background-media":"","overlay-type":"","overlay-color":"","overlay-opacity":"","overlay-gradient":""},"mobile":{"background-color":"var(--ast-global-color-4)","background-image":"","background-repeat":"repeat","background-position":"center center","background-size":"auto","background-attachment":"scroll","background-type":"","background-media":"","overlay-type":"","overlay-color":"","overlay-opacity":"","overlay-gradient":""}},"footnotes":""},"class_list":["post-12","page","type-page","status-publish","hentry"],"_links":{"self":[{"href":"https:\/\/inflame-anmeldung.de\/index.php\/wp-json\/wp\/v2\/pages\/12","targetHints":{"allow":["GET"]}}],"collection":[{"href":"https:\/\/inflame-anmeldung.de\/index.php\/wp-json\/wp\/v2\/pages"}],"about":[{"href":"https:\/\/inflame-anmeldung.de\/index.php\/wp-json\/wp\/v2\/types\/page"}],"author":[{"embeddable":true,"href":"https:\/\/inflame-anmeldung.de\/index.php\/wp-json\/wp\/v2\/users\/2"}],"replies":[{"embeddable":true,"href":"https:\/\/inflame-anmeldung.de\/index.php\/wp-json\/wp\/v2\/comments?post=12"}],"version-history":[{"count":5,"href":"https:\/\/inflame-anmeldung.de\/index.php\/wp-json\/wp\/v2\/pages\/12\/revisions"}],"predecessor-version":[{"id":20,"href":"https:\/\/inflame-anmeldung.de\/index.php\/wp-json\/wp\/v2\/pages\/12\/revisions\/20"}],"wp:attachment":[{"href":"https:\/\/inflame-anmeldung.de\/index.php\/wp-json\/wp\/v2\/media?parent=12"}],"curies":[{"name":"wp","href":"https:\/\/api.w.org\/{rel}","templated":true}]}}